{"id":1316,"date":"2020-04-15T11:40:56","date_gmt":"2020-04-15T09:40:56","guid":{"rendered":"https:\/\/sidb-gicid.ch\/404-2\/"},"modified":"2020-04-15T11:41:58","modified_gmt":"2020-04-15T09:41:58","slug":"404-2","status":"publish","type":"page","link":"https:\/\/sidb-gicid.ch\/fr\/404-2\/","title":{"rendered":"404"},"content":{"rendered":"<div id='av_section_1'  class='avia-section av-4n7v-99c7434a44a25089853b3645bd59c5d8 main_color avia-section-default avia-no-border-styling  avia-builder-el-0  avia-builder-el-no-sibling  avia-bg-style-scroll container_wrap sidebar_right'  ><div class='container av-section-cont-open' ><main  role=\"main\" itemprop=\"mainContentOfPage\"  class='template-page content  av-content-small alpha units'><div class='post-entry post-entry-type-page post-entry-1316'><div class='entry-content-wrapper clearfix'>\n\n<style type=\"text\/css\" data-created_by=\"avia_inline_auto\" id=\"style-css-av-k026fbfn-c91835728769e0bbb25344e9d296dabf\">\n#top .hr.hr-invisible.av-k026fbfn-c91835728769e0bbb25344e9d296dabf{\nheight:100px;\n}\n<\/style>\n<div  class='hr av-k026fbfn-c91835728769e0bbb25344e9d296dabf hr-invisible  avia-builder-el-1  el_before_av_one_fifth  avia-builder-el-first  av-small-hide av-mini-hide'><span class='hr-inner '><span class=\"hr-inner-style\"><\/span><\/span><\/div>\n\n<style type=\"text\/css\" data-created_by=\"avia_inline_auto\" id=\"style-css-av-sguv-eb27d8aa2374bf758e05b4b6e3d411ce\">\n.flex_column.av-sguv-eb27d8aa2374bf758e05b4b6e3d411ce{\nborder-radius:0px 0px 0px 0px;\npadding:0px 0px 0px 0px;\n}\n<\/style>\n<div  class='flex_column av-sguv-eb27d8aa2374bf758e05b4b6e3d411ce av_one_fifth  avia-builder-el-2  el_after_av_hr  el_before_av_three_fifth  first av-break-at-tablet flex_column_div av-zero-column-padding  '     ><\/div>\n<style type=\"text\/css\" data-created_by=\"avia_inline_auto\" id=\"style-css-av-sguv-89330dfa49e192909eaba1bb85201ae0\">\n.flex_column.av-sguv-89330dfa49e192909eaba1bb85201ae0{\nborder-radius:0px 0px 0px 0px;\npadding:0px 0px 0px 0px;\n}\n<\/style>\n<div  class='flex_column av-sguv-89330dfa49e192909eaba1bb85201ae0 av_three_fifth  avia-builder-el-3  el_after_av_one_fifth  el_before_av_one_fifth  av-break-at-tablet flex_column_div av-zero-column-padding  '     ><p>\n<style type=\"text\/css\" data-created_by=\"avia_inline_auto\" id=\"style-css-av-26cwd-4f3af9d444bdfe34a9fa07d89982b935\">\n#top .av-special-heading.av-26cwd-4f3af9d444bdfe34a9fa07d89982b935{\npadding-bottom:10px;\n}\nbody .av-special-heading.av-26cwd-4f3af9d444bdfe34a9fa07d89982b935 .av-special-heading-tag .heading-char{\nfont-size:25px;\n}\n.av-special-heading.av-26cwd-4f3af9d444bdfe34a9fa07d89982b935 .av-subheading{\nfont-size:15px;\n}\n<\/style>\n<div  class='av-special-heading av-26cwd-4f3af9d444bdfe34a9fa07d89982b935 av-special-heading-h6 blockquote modern-quote modern-centered  avia-builder-el-4  el_before_av_heading  avia-builder-el-first  av-small-hide av-mini-hide'><h6 class='av-special-heading-tag'  itemprop=\"headline\"  ><span style=\"font-size: 250px; \">404<\/span><\/h6><div class=\"special-heading-border\"><div class=\"special-heading-inner-border\"><\/div><\/div><\/div><br \/>\n\n<style type=\"text\/css\" data-created_by=\"avia_inline_auto\" id=\"style-css-av-1o0pp-a3035d94552deadf84fa3caf9f15aa4a\">\n#top .av-special-heading.av-1o0pp-a3035d94552deadf84fa3caf9f15aa4a{\npadding-bottom:10px;\nfont-size:150px;\n}\nbody .av-special-heading.av-1o0pp-a3035d94552deadf84fa3caf9f15aa4a .av-special-heading-tag .heading-char{\nfont-size:25px;\n}\n#top #wrap_all .av-special-heading.av-1o0pp-a3035d94552deadf84fa3caf9f15aa4a .av-special-heading-tag{\nfont-size:150px;\n}\n.av-special-heading.av-1o0pp-a3035d94552deadf84fa3caf9f15aa4a .av-subheading{\nfont-size:15px;\n}\n\n@media only screen and (min-width: 480px) and (max-width: 767px){ \n#top #wrap_all .av-special-heading.av-1o0pp-a3035d94552deadf84fa3caf9f15aa4a .av-special-heading-tag{\nfont-size:0.8em;\n}\n}\n\n@media only screen and (max-width: 479px){ \n#top #wrap_all .av-special-heading.av-1o0pp-a3035d94552deadf84fa3caf9f15aa4a .av-special-heading-tag{\nfont-size:0.8em;\n}\n}\n<\/style>\n<div  class='av-special-heading av-1o0pp-a3035d94552deadf84fa3caf9f15aa4a av-special-heading-h6 blockquote modern-quote modern-centered  avia-builder-el-5  el_after_av_heading  el_before_av_heading  av-desktop-hide av-medium-hide av-inherit-size'><h6 class='av-special-heading-tag'  itemprop=\"headline\"  >404<\/h6><div class=\"special-heading-border\"><div class=\"special-heading-inner-border\"><\/div><\/div><\/div><br \/>\n\n<style type=\"text\/css\" data-created_by=\"avia_inline_auto\" id=\"style-css-av-14d2p-fa4bee18b648e35a62b179fd77b8b21b\">\n#top .av-special-heading.av-14d2p-fa4bee18b648e35a62b179fd77b8b21b{\npadding-bottom:10px;\nfont-size:50px;\n}\nbody .av-special-heading.av-14d2p-fa4bee18b648e35a62b179fd77b8b21b .av-special-heading-tag .heading-char{\nfont-size:25px;\n}\n#top #wrap_all .av-special-heading.av-14d2p-fa4bee18b648e35a62b179fd77b8b21b .av-special-heading-tag{\nfont-size:50px;\n}\n.av-special-heading.av-14d2p-fa4bee18b648e35a62b179fd77b8b21b .av-subheading{\nfont-size:15px;\n}\n\n@media only screen and (min-width: 480px) and (max-width: 767px){ \n#top #wrap_all .av-special-heading.av-14d2p-fa4bee18b648e35a62b179fd77b8b21b .av-special-heading-tag{\nfont-size:0.8em;\n}\n}\n\n@media only screen and (max-width: 479px){ \n#top #wrap_all .av-special-heading.av-14d2p-fa4bee18b648e35a62b179fd77b8b21b .av-special-heading-tag{\nfont-size:0.8em;\n}\n}\n<\/style>\n<div  class='av-special-heading av-14d2p-fa4bee18b648e35a62b179fd77b8b21b av-special-heading-h2 blockquote modern-quote modern-centered  avia-builder-el-6  el_after_av_heading  el_before_av_hr  av-inherit-size'><h2 class='av-special-heading-tag'  itemprop=\"headline\"  >NOUS AVONS PENS\u00c9 LA RECHERCHE<\/h2><div class=\"special-heading-border\"><div class=\"special-heading-inner-border\"><\/div><\/div><\/div><br \/>\n\n<style type=\"text\/css\" data-created_by=\"avia_inline_auto\" id=\"style-css-av-k026fbfn-69eb2676eb401101bfa616b962a9475e\">\n#top .hr.hr-invisible.av-k026fbfn-69eb2676eb401101bfa616b962a9475e{\nheight:5px;\n}\n<\/style>\n<div  class='hr av-k026fbfn-69eb2676eb401101bfa616b962a9475e hr-invisible  avia-builder-el-7  el_after_av_heading  el_before_av_textblock '><span class='hr-inner '><span class=\"hr-inner-style\"><\/span><\/span><\/div><br \/>\n\n<style type=\"text\/css\" data-created_by=\"avia_inline_auto\" id=\"style-css-av-k026fndl-1545af480f23e7e0163a6d200a682e0d\">\n#top .av_textblock_section.av-k026fndl-1545af480f23e7e0163a6d200a682e0d .avia_textblock{\nfont-size:16px;\n}\n<\/style>\n<section  class='av_textblock_section av-k026fndl-1545af480f23e7e0163a6d200a682e0d '   itemscope=\"itemscope\" itemtype=\"https:\/\/schema.org\/CreativeWork\" ><div class='avia_textblock'  itemprop=\"text\" ><p style=\"text-align: center;\"><strong>Mais la page que vous cherchiez est introuvable.<\/strong><\/p>\n<p style=\"text-align: center;\">Nous sommes d\u00e9sol\u00e9s, mais la page que vous avez demand\u00e9e n&rsquo;existe pas &#8211; ou plus.<br \/>\nVeuillez v\u00e9rifier l&rsquo;adresse et r\u00e9essayer ou utilisez le lien suivant:<\/p>\n<\/div><\/section><br \/>\n\n<style type=\"text\/css\" data-created_by=\"avia_inline_auto\" id=\"style-css-av-k026fbfn-69eb2676eb401101bfa616b962a9475e\">\n#top .hr.hr-invisible.av-k026fbfn-69eb2676eb401101bfa616b962a9475e{\nheight:5px;\n}\n<\/style>\n<div  class='hr av-k026fbfn-69eb2676eb401101bfa616b962a9475e hr-invisible  avia-builder-el-9  el_after_av_textblock  el_before_av_button '><span class='hr-inner '><span class=\"hr-inner-style\"><\/span><\/span><\/div><br \/>\n<div  class='avia-button-wrap av-k026ijwf-9456fdbf707d05dc8e96f0f84a08276c-wrap avia-button-center  avia-builder-el-10  el_after_av_hr  avia-builder-el-last '>\n<style type=\"text\/css\" data-created_by=\"avia_inline_auto\" id=\"style-css-av-k026ijwf-9456fdbf707d05dc8e96f0f84a08276c\">\n#top #wrap_all .avia-button.av-k026ijwf-9456fdbf707d05dc8e96f0f84a08276c{\nbackground-color:#0a0a0a;\nborder-color:#0a0a0a;\ncolor:#ffffff;\ntransition:all 0.4s ease-in-out;\n}\n<\/style>\n<a href=''  class='avia-button av-k026ijwf-9456fdbf707d05dc8e96f0f84a08276c av-link-btn avia-icon_select-no avia-size-x-large avia-position-center'  ><span class='avia_iconbox_title' >Retour \u00e0 la page d\u2019accueil<\/span><\/a><\/div><\/p><\/div>\n<style type=\"text\/css\" data-created_by=\"avia_inline_auto\" id=\"style-css-av-sguv-89330dfa49e192909eaba1bb85201ae0\">\n.flex_column.av-sguv-89330dfa49e192909eaba1bb85201ae0{\nborder-radius:0px 0px 0px 0px;\npadding:0px 0px 0px 0px;\n}\n<\/style>\n<div  class='flex_column av-sguv-89330dfa49e192909eaba1bb85201ae0 av_one_fifth  avia-builder-el-11  el_after_av_three_fifth  avia-builder-el-last  av-break-at-tablet flex_column_div av-zero-column-padding  '     ><\/div><\/div><\/div><\/main><!-- close content main element --><\/div><\/div><div id='after_section_1'  class='main_color av_default_container_wrap container_wrap sidebar_right'  ><div class='container av-section-cont-open' ><div class='template-page content  av-content-small alpha units'><div class='post-entry post-entry-type-page post-entry-1316'><div class='entry-content-wrapper clearfix'>\n","protected":false},"excerpt":{"rendered":"","protected":false},"author":3,"featured_media":0,"parent":0,"menu_order":99999,"comment_status":"closed","ping_status":"closed","template":"","meta":{"footnotes":""},"class_list":["post-1316","page","type-page","status-publish","hentry"],"yoast_head":"<!-- This site is optimized with the Yoast SEO plugin v27.4 - https:\/\/yoast.com\/product\/yoast-seo-wordpress\/ -->\n<title>404 | SIDB GICID<\/title>\n<meta name=\"robots\" content=\"index, follow, max-snippet:-1, max-image-preview:large, max-video-preview:-1\" \/>\n<link rel=\"canonical\" href=\"https:\/\/sidb-gicid.ch\/fr\/404-2\/\" \/>\n<meta property=\"og:locale\" content=\"fr_FR\" \/>\n<meta property=\"og:type\" content=\"article\" \/>\n<meta property=\"og:title\" content=\"404 | SIDB GICID\" \/>\n<meta property=\"og:url\" content=\"https:\/\/sidb-gicid.ch\/fr\/404-2\/\" \/>\n<meta property=\"og:site_name\" content=\"SIDB GICID\" \/>\n<meta property=\"article:modified_time\" content=\"2020-04-15T09:41:58+00:00\" \/>\n<meta name=\"twitter:card\" content=\"summary_large_image\" \/>\n<meta name=\"twitter:label1\" content=\"Dur\u00e9e de lecture estim\u00e9e\" \/>\n\t<meta name=\"twitter:data1\" content=\"5 minutes\" \/>\n<script type=\"application\/ld+json\" class=\"yoast-schema-graph\">{\"@context\":\"https:\\\/\\\/schema.org\",\"@graph\":[{\"@type\":\"WebPage\",\"@id\":\"https:\\\/\\\/sidb-gicid.ch\\\/fr\\\/404-2\\\/\",\"url\":\"https:\\\/\\\/sidb-gicid.ch\\\/fr\\\/404-2\\\/\",\"name\":\"404 | SIDB GICID\",\"isPartOf\":{\"@id\":\"https:\\\/\\\/sidb-gicid.ch\\\/fr\\\/#website\"},\"datePublished\":\"2020-04-15T09:40:56+00:00\",\"dateModified\":\"2020-04-15T09:41:58+00:00\",\"breadcrumb\":{\"@id\":\"https:\\\/\\\/sidb-gicid.ch\\\/fr\\\/404-2\\\/#breadcrumb\"},\"inLanguage\":\"fr-FR\",\"potentialAction\":[{\"@type\":\"ReadAction\",\"target\":[\"https:\\\/\\\/sidb-gicid.ch\\\/fr\\\/404-2\\\/\"]}]},{\"@type\":\"BreadcrumbList\",\"@id\":\"https:\\\/\\\/sidb-gicid.ch\\\/fr\\\/404-2\\\/#breadcrumb\",\"itemListElement\":[{\"@type\":\"ListItem\",\"position\":1,\"name\":\"Home\",\"item\":\"https:\\\/\\\/sidb-gicid.ch\\\/fr\\\/home\\\/\"},{\"@type\":\"ListItem\",\"position\":2,\"name\":\"404\"}]},{\"@type\":\"WebSite\",\"@id\":\"https:\\\/\\\/sidb-gicid.ch\\\/fr\\\/#website\",\"url\":\"https:\\\/\\\/sidb-gicid.ch\\\/fr\\\/\",\"name\":\"SIDB GICID\",\"description\":\"\",\"potentialAction\":[{\"@type\":\"SearchAction\",\"target\":{\"@type\":\"EntryPoint\",\"urlTemplate\":\"https:\\\/\\\/sidb-gicid.ch\\\/fr\\\/?s={search_term_string}\"},\"query-input\":{\"@type\":\"PropertyValueSpecification\",\"valueRequired\":true,\"valueName\":\"search_term_string\"}}],\"inLanguage\":\"fr-FR\"}]}<\/script>\n<!-- \/ Yoast SEO plugin. -->","yoast_head_json":{"title":"404 | SIDB GICID","robots":{"index":"index","follow":"follow","max-snippet":"max-snippet:-1","max-image-preview":"max-image-preview:large","max-video-preview":"max-video-preview:-1"},"canonical":"https:\/\/sidb-gicid.ch\/fr\/404-2\/","og_locale":"fr_FR","og_type":"article","og_title":"404 | SIDB GICID","og_url":"https:\/\/sidb-gicid.ch\/fr\/404-2\/","og_site_name":"SIDB GICID","article_modified_time":"2020-04-15T09:41:58+00:00","twitter_card":"summary_large_image","twitter_misc":{"Dur\u00e9e de lecture estim\u00e9e":"5 minutes"},"schema":{"@context":"https:\/\/schema.org","@graph":[{"@type":"WebPage","@id":"https:\/\/sidb-gicid.ch\/fr\/404-2\/","url":"https:\/\/sidb-gicid.ch\/fr\/404-2\/","name":"404 | SIDB GICID","isPartOf":{"@id":"https:\/\/sidb-gicid.ch\/fr\/#website"},"datePublished":"2020-04-15T09:40:56+00:00","dateModified":"2020-04-15T09:41:58+00:00","breadcrumb":{"@id":"https:\/\/sidb-gicid.ch\/fr\/404-2\/#breadcrumb"},"inLanguage":"fr-FR","potentialAction":[{"@type":"ReadAction","target":["https:\/\/sidb-gicid.ch\/fr\/404-2\/"]}]},{"@type":"BreadcrumbList","@id":"https:\/\/sidb-gicid.ch\/fr\/404-2\/#breadcrumb","itemListElement":[{"@type":"ListItem","position":1,"name":"Home","item":"https:\/\/sidb-gicid.ch\/fr\/home\/"},{"@type":"ListItem","position":2,"name":"404"}]},{"@type":"WebSite","@id":"https:\/\/sidb-gicid.ch\/fr\/#website","url":"https:\/\/sidb-gicid.ch\/fr\/","name":"SIDB GICID","description":"","potentialAction":[{"@type":"SearchAction","target":{"@type":"EntryPoint","urlTemplate":"https:\/\/sidb-gicid.ch\/fr\/?s={search_term_string}"},"query-input":{"@type":"PropertyValueSpecification","valueRequired":true,"valueName":"search_term_string"}}],"inLanguage":"fr-FR"}]}},"_links":{"self":[{"href":"https:\/\/sidb-gicid.ch\/fr\/wp-json\/wp\/v2\/pages\/1316","targetHints":{"allow":["GET"]}}],"collection":[{"href":"https:\/\/sidb-gicid.ch\/fr\/wp-json\/wp\/v2\/pages"}],"about":[{"href":"https:\/\/sidb-gicid.ch\/fr\/wp-json\/wp\/v2\/types\/page"}],"author":[{"embeddable":true,"href":"https:\/\/sidb-gicid.ch\/fr\/wp-json\/wp\/v2\/users\/3"}],"replies":[{"embeddable":true,"href":"https:\/\/sidb-gicid.ch\/fr\/wp-json\/wp\/v2\/comments?post=1316"}],"version-history":[{"count":3,"href":"https:\/\/sidb-gicid.ch\/fr\/wp-json\/wp\/v2\/pages\/1316\/revisions"}],"predecessor-version":[{"id":1321,"href":"https:\/\/sidb-gicid.ch\/fr\/wp-json\/wp\/v2\/pages\/1316\/revisions\/1321"}],"wp:attachment":[{"href":"https:\/\/sidb-gicid.ch\/fr\/wp-json\/wp\/v2\/media?parent=1316"}],"curies":[{"name":"wp","href":"https:\/\/api.w.org\/{rel}","templated":true}]}}