{"id":1326,"date":"2020-04-15T11:45:49","date_gmt":"2020-04-15T09:45:49","guid":{"rendered":"https:\/\/sidb-gicid.ch\/formulaire-dinscription\/"},"modified":"2021-05-07T10:21:00","modified_gmt":"2021-05-07T08:21:00","slug":"formulaire-dinscription","status":"publish","type":"page","link":"https:\/\/sidb-gicid.ch\/fr\/formulaire-dinscription\/","title":{"rendered":"Formulaire d&rsquo;inscription membre"},"content":{"rendered":"\n<style type=\"text\/css\" data-created_by=\"avia_inline_auto\" id=\"style-css-av-4qtmz0-f122fb136ad7c58faefe0b9278b8025d\">\n.avia-section.av-4qtmz0-f122fb136ad7c58faefe0b9278b8025d .av-parallax .av-parallax-inner{\nbackground-repeat:no-repeat;\nbackground-image:url(https:\/\/sidb-gicid.ch\/wp-content\/uploads\/2020\/02\/Diabete-13.jpg);\nbackground-position:50% 50%;\nbackground-attachment:scroll;\n}\n.avia-section.av-4qtmz0-f122fb136ad7c58faefe0b9278b8025d .av-section-color-overlay{\nopacity:0.3;\nbackground-color:#000000;\n}\n<\/style>\n<div id='av_section_1'  class='avia-section av-4qtmz0-f122fb136ad7c58faefe0b9278b8025d main_color avia-section-large avia-no-border-styling  avia-builder-el-0  el_before_av_section  avia-builder-el-first  avia-full-stretch av-parallax-section avia-bg-style-parallax av-section-color-overlay-active av-minimum-height av-minimum-height-25 av-height-25  container_wrap sidebar_right'  data-section-bg-repeat='stretch' data-av_minimum_height_pc='25' data-av_min_height_opt='25'><div class='av-parallax' data-avia-parallax-ratio='0.3' ><div class='av-parallax-inner main_color avia-full-stretch'><\/div><\/div><div class=\"av-section-color-overlay-wrap\"><div class=\"av-section-color-overlay\"><\/div><div class='container av-section-cont-open' ><main  role=\"main\" itemprop=\"mainContentOfPage\"  class='template-page content  av-content-small alpha units'><div class='post-entry post-entry-type-page post-entry-1326'><div class='entry-content-wrapper clearfix'>\n\n<style type=\"text\/css\" data-created_by=\"avia_inline_auto\" id=\"style-css-av-fmpcc-cf8f76722b0dfa8e4f49063019c78125\">\n#top .flex_column.av-fmpcc-cf8f76722b0dfa8e4f49063019c78125{\nmargin-top:20px;\n}\n.flex_column.av-fmpcc-cf8f76722b0dfa8e4f49063019c78125{\nborder-radius:0px 0px 0px 0px;\npadding:0px 0px 0px 0px;\n}\n.responsive #top #wrap_all .flex_column.av-fmpcc-cf8f76722b0dfa8e4f49063019c78125{\nmargin-top:20px;\n}\n<\/style>\n<div  class='flex_column av-fmpcc-cf8f76722b0dfa8e4f49063019c78125 av_one_full  avia-builder-el-1  avia-builder-el-no-sibling  first flex_column_div av-animated-generic top-to-bottom av-zero-column-padding  '     ><p>\n<style type=\"text\/css\" data-created_by=\"avia_inline_auto\" id=\"style-css-av-kmcu217t-64a815b4fd008cc948e88794ef2808d5\">\n#top .av-special-heading.av-kmcu217t-64a815b4fd008cc948e88794ef2808d5{\npadding-bottom:10px;\ncolor:#ffffff;\nfont-size:40px;\n}\nbody .av-special-heading.av-kmcu217t-64a815b4fd008cc948e88794ef2808d5 .av-special-heading-tag .heading-char{\nfont-size:25px;\n}\n#top #wrap_all .av-special-heading.av-kmcu217t-64a815b4fd008cc948e88794ef2808d5 .av-special-heading-tag{\nfont-size:40px;\n}\n.av-special-heading.av-kmcu217t-64a815b4fd008cc948e88794ef2808d5 .special-heading-inner-border{\nborder-color:#ffffff;\n}\n.av-special-heading.av-kmcu217t-64a815b4fd008cc948e88794ef2808d5 .av-subheading{\nfont-size:15px;\n}\n\n@media only screen and (min-width: 480px) and (max-width: 767px){ \n#top #wrap_all .av-special-heading.av-kmcu217t-64a815b4fd008cc948e88794ef2808d5 .av-special-heading-tag{\nfont-size:0.8em;\n}\n}\n\n@media only screen and (max-width: 479px){ \n#top #wrap_all .av-special-heading.av-kmcu217t-64a815b4fd008cc948e88794ef2808d5 .av-special-heading-tag{\nfont-size:0.8em;\n}\n}\n<\/style>\n<div  class='av-special-heading av-kmcu217t-64a815b4fd008cc948e88794ef2808d5 av-special-heading-h1 custom-color-heading blockquote modern-quote modern-centered  avia-builder-el-2  el_before_av_hr  avia-builder-el-first  av-inherit-size'><h1 class='av-special-heading-tag'  itemprop=\"headline\"  ><strong style=\"color: #fff;\">Formulaire d\u2019inscription<\/strong><\/h1><div class=\"special-heading-border\"><div class=\"special-heading-inner-border\"><\/div><\/div><\/div><br \/>\n\n<style type=\"text\/css\" data-created_by=\"avia_inline_auto\" id=\"style-css-av-40kakc-f1e584eb5e7a2bac10dae19be67437e3\">\n#top .hr.av-40kakc-f1e584eb5e7a2bac10dae19be67437e3{\nmargin-top:10px;\nmargin-bottom:20px;\n}\n.hr.av-40kakc-f1e584eb5e7a2bac10dae19be67437e3 .hr-inner{\nwidth:50px;\nborder-color:#ffffff;\n}\n<\/style>\n<div  class='hr av-40kakc-f1e584eb5e7a2bac10dae19be67437e3 hr-custom  avia-builder-el-3  el_after_av_heading  avia-builder-el-last  hr-center hr-icon-no'><span class='hr-inner inner-border-av-border-fat'><span class=\"hr-inner-style\"><\/span><\/span><\/div><\/p><\/div><\/div><\/div><\/main><!-- close content main element --><\/div><\/div><\/div><div id='av_section_2'  class='avia-section av-k90xfxmk-3b059e6172fcce1b47eb3971092b8c4e main_color avia-section-large avia-no-border-styling  avia-builder-el-4  el_after_av_section  avia-builder-el-last  avia-bg-style-scroll container_wrap sidebar_right'  ><div class='container av-section-cont-open' ><div class='template-page content  av-content-small alpha units'><div class='post-entry post-entry-type-page post-entry-1326'><div class='entry-content-wrapper clearfix'>\n\n<style type=\"text\/css\" data-created_by=\"avia_inline_auto\" id=\"style-css-av-11w0qwf-3a16cb7d5f31768a525cc367ea8cd259\">\n.flex_column.av-11w0qwf-3a16cb7d5f31768a525cc367ea8cd259{\nborder-radius:0px 0px 0px 0px;\npadding:0px 0px 0px 0px;\n}\n<\/style>\n<div  class='flex_column av-11w0qwf-3a16cb7d5f31768a525cc367ea8cd259 av_one_full  avia-builder-el-5  avia-builder-el-no-sibling  first flex_column_div av-zero-column-padding  '     ><\/div><\/div><\/div><\/div><!-- close content main div --><\/div><\/div><div id='after_section_2'  class='main_color av_default_container_wrap container_wrap sidebar_right'  ><div class='container av-section-cont-open' ><div class='template-page content  av-content-small alpha units'><div class='post-entry post-entry-type-page post-entry-1326'><div class='entry-content-wrapper clearfix'><\/p>\n","protected":false},"excerpt":{"rendered":"","protected":false},"author":3,"featured_media":0,"parent":0,"menu_order":0,"comment_status":"closed","ping_status":"closed","template":"","meta":{"footnotes":""},"class_list":["post-1326","page","type-page","status-publish","hentry"],"yoast_head":"<!-- This site is optimized with the Yoast SEO plugin v27.4 - https:\/\/yoast.com\/product\/yoast-seo-wordpress\/ -->\n<title>Formulaire d&#039;inscription membre | SIDB GICID<\/title>\n<meta name=\"description\" content=\"Devenez membre du Groupe d&#039;int\u00e9r\u00eats communs suisse des infirmi\u00e8res\/infirmiers-conseil en diab\u00e9tologie\" \/>\n<meta name=\"robots\" content=\"index, follow, max-snippet:-1, max-image-preview:large, max-video-preview:-1\" \/>\n<link rel=\"canonical\" href=\"https:\/\/sidb-gicid.ch\/fr\/formulaire-dinscription\/\" \/>\n<meta property=\"og:locale\" content=\"fr_FR\" \/>\n<meta property=\"og:type\" content=\"article\" \/>\n<meta property=\"og:title\" content=\"Formulaire d&#039;inscription membre | SIDB GICID\" \/>\n<meta property=\"og:description\" content=\"Devenez membre du Groupe d&#039;int\u00e9r\u00eats communs suisse des infirmi\u00e8res\/infirmiers-conseil en diab\u00e9tologie\" \/>\n<meta property=\"og:url\" content=\"https:\/\/sidb-gicid.ch\/fr\/formulaire-dinscription\/\" \/>\n<meta property=\"og:site_name\" content=\"SIDB GICID\" \/>\n<meta property=\"article:modified_time\" content=\"2021-05-07T08:21:00+00:00\" \/>\n<meta name=\"twitter:card\" content=\"summary_large_image\" \/>\n<meta name=\"twitter:label1\" content=\"Dur\u00e9e de lecture estim\u00e9e\" \/>\n\t<meta name=\"twitter:data1\" content=\"3 minutes\" \/>\n<script type=\"application\/ld+json\" class=\"yoast-schema-graph\">{\"@context\":\"https:\\\/\\\/schema.org\",\"@graph\":[{\"@type\":\"WebPage\",\"@id\":\"https:\\\/\\\/sidb-gicid.ch\\\/fr\\\/formulaire-dinscription\\\/\",\"url\":\"https:\\\/\\\/sidb-gicid.ch\\\/fr\\\/formulaire-dinscription\\\/\",\"name\":\"Formulaire d'inscription membre | SIDB GICID\",\"isPartOf\":{\"@id\":\"https:\\\/\\\/sidb-gicid.ch\\\/fr\\\/#website\"},\"datePublished\":\"2020-04-15T09:45:49+00:00\",\"dateModified\":\"2021-05-07T08:21:00+00:00\",\"description\":\"Devenez membre du Groupe d'int\u00e9r\u00eats communs suisse des infirmi\u00e8res\\\/infirmiers-conseil en diab\u00e9tologie\",\"breadcrumb\":{\"@id\":\"https:\\\/\\\/sidb-gicid.ch\\\/fr\\\/formulaire-dinscription\\\/#breadcrumb\"},\"inLanguage\":\"fr-FR\",\"potentialAction\":[{\"@type\":\"ReadAction\",\"target\":[\"https:\\\/\\\/sidb-gicid.ch\\\/fr\\\/formulaire-dinscription\\\/\"]}]},{\"@type\":\"BreadcrumbList\",\"@id\":\"https:\\\/\\\/sidb-gicid.ch\\\/fr\\\/formulaire-dinscription\\\/#breadcrumb\",\"itemListElement\":[{\"@type\":\"ListItem\",\"position\":1,\"name\":\"Home\",\"item\":\"https:\\\/\\\/sidb-gicid.ch\\\/fr\\\/home\\\/\"},{\"@type\":\"ListItem\",\"position\":2,\"name\":\"Formulaire d&rsquo;inscription membre\"}]},{\"@type\":\"WebSite\",\"@id\":\"https:\\\/\\\/sidb-gicid.ch\\\/fr\\\/#website\",\"url\":\"https:\\\/\\\/sidb-gicid.ch\\\/fr\\\/\",\"name\":\"SIDB GICID\",\"description\":\"\",\"potentialAction\":[{\"@type\":\"SearchAction\",\"target\":{\"@type\":\"EntryPoint\",\"urlTemplate\":\"https:\\\/\\\/sidb-gicid.ch\\\/fr\\\/?s={search_term_string}\"},\"query-input\":{\"@type\":\"PropertyValueSpecification\",\"valueRequired\":true,\"valueName\":\"search_term_string\"}}],\"inLanguage\":\"fr-FR\"}]}<\/script>\n<!-- \/ Yoast SEO plugin. -->","yoast_head_json":{"title":"Formulaire d'inscription membre | SIDB GICID","description":"Devenez membre du Groupe d'int\u00e9r\u00eats communs suisse des infirmi\u00e8res\/infirmiers-conseil en diab\u00e9tologie","robots":{"index":"index","follow":"follow","max-snippet":"max-snippet:-1","max-image-preview":"max-image-preview:large","max-video-preview":"max-video-preview:-1"},"canonical":"https:\/\/sidb-gicid.ch\/fr\/formulaire-dinscription\/","og_locale":"fr_FR","og_type":"article","og_title":"Formulaire d'inscription membre | SIDB GICID","og_description":"Devenez membre du Groupe d'int\u00e9r\u00eats communs suisse des infirmi\u00e8res\/infirmiers-conseil en diab\u00e9tologie","og_url":"https:\/\/sidb-gicid.ch\/fr\/formulaire-dinscription\/","og_site_name":"SIDB GICID","article_modified_time":"2021-05-07T08:21:00+00:00","twitter_card":"summary_large_image","twitter_misc":{"Dur\u00e9e de lecture estim\u00e9e":"3 minutes"},"schema":{"@context":"https:\/\/schema.org","@graph":[{"@type":"WebPage","@id":"https:\/\/sidb-gicid.ch\/fr\/formulaire-dinscription\/","url":"https:\/\/sidb-gicid.ch\/fr\/formulaire-dinscription\/","name":"Formulaire d'inscription membre | SIDB GICID","isPartOf":{"@id":"https:\/\/sidb-gicid.ch\/fr\/#website"},"datePublished":"2020-04-15T09:45:49+00:00","dateModified":"2021-05-07T08:21:00+00:00","description":"Devenez membre du Groupe d'int\u00e9r\u00eats communs suisse des infirmi\u00e8res\/infirmiers-conseil en diab\u00e9tologie","breadcrumb":{"@id":"https:\/\/sidb-gicid.ch\/fr\/formulaire-dinscription\/#breadcrumb"},"inLanguage":"fr-FR","potentialAction":[{"@type":"ReadAction","target":["https:\/\/sidb-gicid.ch\/fr\/formulaire-dinscription\/"]}]},{"@type":"BreadcrumbList","@id":"https:\/\/sidb-gicid.ch\/fr\/formulaire-dinscription\/#breadcrumb","itemListElement":[{"@type":"ListItem","position":1,"name":"Home","item":"https:\/\/sidb-gicid.ch\/fr\/home\/"},{"@type":"ListItem","position":2,"name":"Formulaire d&rsquo;inscription membre"}]},{"@type":"WebSite","@id":"https:\/\/sidb-gicid.ch\/fr\/#website","url":"https:\/\/sidb-gicid.ch\/fr\/","name":"SIDB GICID","description":"","potentialAction":[{"@type":"SearchAction","target":{"@type":"EntryPoint","urlTemplate":"https:\/\/sidb-gicid.ch\/fr\/?s={search_term_string}"},"query-input":{"@type":"PropertyValueSpecification","valueRequired":true,"valueName":"search_term_string"}}],"inLanguage":"fr-FR"}]}},"_links":{"self":[{"href":"https:\/\/sidb-gicid.ch\/fr\/wp-json\/wp\/v2\/pages\/1326","targetHints":{"allow":["GET"]}}],"collection":[{"href":"https:\/\/sidb-gicid.ch\/fr\/wp-json\/wp\/v2\/pages"}],"about":[{"href":"https:\/\/sidb-gicid.ch\/fr\/wp-json\/wp\/v2\/types\/page"}],"author":[{"embeddable":true,"href":"https:\/\/sidb-gicid.ch\/fr\/wp-json\/wp\/v2\/users\/3"}],"replies":[{"embeddable":true,"href":"https:\/\/sidb-gicid.ch\/fr\/wp-json\/wp\/v2\/comments?post=1326"}],"version-history":[{"count":5,"href":"https:\/\/sidb-gicid.ch\/fr\/wp-json\/wp\/v2\/pages\/1326\/revisions"}],"predecessor-version":[{"id":4019,"href":"https:\/\/sidb-gicid.ch\/fr\/wp-json\/wp\/v2\/pages\/1326\/revisions\/4019"}],"wp:attachment":[{"href":"https:\/\/sidb-gicid.ch\/fr\/wp-json\/wp\/v2\/media?parent=1326"}],"curies":[{"name":"wp","href":"https:\/\/api.w.org\/{rel}","templated":true}]}}