{"id":1340,"date":"2020-04-15T12:53:46","date_gmt":"2020-04-15T10:53:46","guid":{"rendered":"https:\/\/sidb-gicid.ch\/declaration-de-protection-des-donnees\/"},"modified":"2023-07-18T12:31:52","modified_gmt":"2023-07-18T10:31:52","slug":"declaration-de-protection-des-donnees","status":"publish","type":"page","link":"https:\/\/sidb-gicid.ch\/fr\/declaration-de-protection-des-donnees\/","title":{"rendered":"Politique de confidentialit\u00e9"},"content":{"rendered":"\n<style type=\"text\/css\" data-created_by=\"avia_inline_auto\" id=\"style-css-av-4qtmz0-5f793e787aafbd1c6ea6aba7b68eb098\">\n.avia-section.av-4qtmz0-5f793e787aafbd1c6ea6aba7b68eb098 .av-parallax .av-parallax-inner{\nbackground-repeat:no-repeat;\nbackground-image:url(https:\/\/sidb-gicid.ch\/wp-content\/uploads\/2020\/02\/Diabete-12-1.jpg);\nbackground-position:50% 50%;\nbackground-attachment:scroll;\n}\n.avia-section.av-4qtmz0-5f793e787aafbd1c6ea6aba7b68eb098 .av-section-color-overlay{\nopacity:0.3;\nbackground-color:#000000;\n}\n<\/style>\n<div id='av_section_1'  class='avia-section av-4qtmz0-5f793e787aafbd1c6ea6aba7b68eb098 main_color avia-section-large avia-no-border-styling  avia-builder-el-0  el_before_av_section  avia-builder-el-first  avia-full-stretch av-parallax-section avia-bg-style-parallax av-section-color-overlay-active av-minimum-height av-minimum-height-25 av-height-25  container_wrap sidebar_right'  data-section-bg-repeat='stretch' data-av_minimum_height_pc='25' data-av_min_height_opt='25'><div class='av-parallax' data-avia-parallax-ratio='0.3' ><div class='av-parallax-inner main_color avia-full-stretch'><\/div><\/div><div class=\"av-section-color-overlay-wrap\"><div class=\"av-section-color-overlay\"><\/div><div class='container av-section-cont-open' ><main  role=\"main\" itemprop=\"mainContentOfPage\"  class='template-page content  av-content-small alpha units'><div class='post-entry post-entry-type-page post-entry-1340'><div class='entry-content-wrapper clearfix'>\n\n<style type=\"text\/css\" data-created_by=\"avia_inline_auto\" id=\"style-css-av-fmpcc-cf8f76722b0dfa8e4f49063019c78125\">\n#top .flex_column.av-fmpcc-cf8f76722b0dfa8e4f49063019c78125{\nmargin-top:20px;\n}\n.flex_column.av-fmpcc-cf8f76722b0dfa8e4f49063019c78125{\nborder-radius:0px 0px 0px 0px;\npadding:0px 0px 0px 0px;\n}\n.responsive #top #wrap_all .flex_column.av-fmpcc-cf8f76722b0dfa8e4f49063019c78125{\nmargin-top:20px;\n}\n<\/style>\n<div  class='flex_column av-fmpcc-cf8f76722b0dfa8e4f49063019c78125 av_one_full  avia-builder-el-1  avia-builder-el-no-sibling  first flex_column_div av-animated-generic top-to-bottom av-zero-column-padding  '     ><p>\n<style type=\"text\/css\" data-created_by=\"avia_inline_auto\" id=\"style-css-av-11dkq-51f1ea27859b40e58e95f0dbd1652176\">\n#top .av-special-heading.av-11dkq-51f1ea27859b40e58e95f0dbd1652176{\npadding-bottom:10px;\ncolor:#ffffff;\nfont-size:40px;\n}\nbody .av-special-heading.av-11dkq-51f1ea27859b40e58e95f0dbd1652176 .av-special-heading-tag .heading-char{\nfont-size:25px;\n}\n#top #wrap_all .av-special-heading.av-11dkq-51f1ea27859b40e58e95f0dbd1652176 .av-special-heading-tag{\nfont-size:40px;\n}\n.av-special-heading.av-11dkq-51f1ea27859b40e58e95f0dbd1652176 .special-heading-inner-border{\nborder-color:#ffffff;\n}\n.av-special-heading.av-11dkq-51f1ea27859b40e58e95f0dbd1652176 .av-subheading{\nfont-size:15px;\n}\n\n@media only screen and (min-width: 480px) and (max-width: 767px){ \n#top #wrap_all .av-special-heading.av-11dkq-51f1ea27859b40e58e95f0dbd1652176 .av-special-heading-tag{\nfont-size:0.8em;\n}\n}\n\n@media only screen and (max-width: 479px){ \n#top #wrap_all .av-special-heading.av-11dkq-51f1ea27859b40e58e95f0dbd1652176 .av-special-heading-tag{\nfont-size:0.8em;\n}\n}\n<\/style>\n<div  class='av-special-heading av-11dkq-51f1ea27859b40e58e95f0dbd1652176 av-special-heading-h1 custom-color-heading blockquote modern-quote modern-centered  avia-builder-el-2  el_before_av_hr  avia-builder-el-first  av-inherit-size'><h1 class='av-special-heading-tag'  itemprop=\"headline\"  ><strong style=\"color: #fff;\">Politique de confidentialit\u00e9<\/strong><\/h1><div class=\"special-heading-border\"><div class=\"special-heading-inner-border\"><\/div><\/div><\/div><br \/>\n\n<style type=\"text\/css\" data-created_by=\"avia_inline_auto\" id=\"style-css-av-40kakc-f1e584eb5e7a2bac10dae19be67437e3\">\n#top .hr.av-40kakc-f1e584eb5e7a2bac10dae19be67437e3{\nmargin-top:10px;\nmargin-bottom:20px;\n}\n.hr.av-40kakc-f1e584eb5e7a2bac10dae19be67437e3 .hr-inner{\nwidth:50px;\nborder-color:#ffffff;\n}\n<\/style>\n<div  class='hr av-40kakc-f1e584eb5e7a2bac10dae19be67437e3 hr-custom  avia-builder-el-3  el_after_av_heading  avia-builder-el-last  hr-center hr-icon-no'><span class='hr-inner inner-border-av-border-fat'><span class=\"hr-inner-style\"><\/span><\/span><\/div><\/p><\/div>\n\n<\/div><\/div><\/main><!-- close content main element --><\/div><\/div><\/div>\n<style type=\"text\/css\" data-created_by=\"avia_inline_auto\" id=\"style-css-av-k6heta90-a339e539be42a6c2e3b491b89c651462\">\n.avia-section.av-k6heta90-a339e539be42a6c2e3b491b89c651462 .av-section-color-overlay{\nopacity:0.7;\nbackground-color:#ffffff;\n}\n<\/style>\n<div id='av_section_2'  class='avia-section av-k6heta90-a339e539be42a6c2e3b491b89c651462 main_color avia-section-large avia-no-border-styling  avia-builder-el-4  el_after_av_section  avia-builder-el-last  avia-bg-style-parallax av-section-color-overlay-active container_wrap sidebar_right'  ><div class=\"av-section-color-overlay-wrap\"><div class=\"av-section-color-overlay\"><\/div><div class='container av-section-cont-open' ><div class='template-page content  av-content-small alpha units'><div class='post-entry post-entry-type-page post-entry-1340'><div class='entry-content-wrapper clearfix'>\n\n<style type=\"text\/css\" data-created_by=\"avia_inline_auto\" id=\"style-css-av-czy2s-a4fad7b05052d9c975bb9d3d85004a66\">\n.flex_column.av-czy2s-a4fad7b05052d9c975bb9d3d85004a66{\nborder-radius:0px 0px 0px 0px;\npadding:0px 0px 0px 0px;\n}\n<\/style>\n<div  class='flex_column av-czy2s-a4fad7b05052d9c975bb9d3d85004a66 av_one_full  avia-builder-el-5  el_before_av_one_full  avia-builder-el-first  first flex_column_div av-animated-generic left-to-right av-zero-column-padding  '     ><section  class='av_textblock_section av-k6hfykb5-cc367eb71572c2dcbaf8905e1d34ce8f '   itemscope=\"itemscope\" itemtype=\"https:\/\/schema.org\/CreativeWork\" ><div class='avia_textblock'  itemprop=\"text\" ><p>En vertu de l&rsquo;article 13 de la Constitution f\u00e9d\u00e9rale suisse et des dispositions f\u00e9d\u00e9rales relatives \u00e0 la protection des donn\u00e9es (loi sur la protection des donn\u00e9es, LPD), toute personne a droit \u00e0 la protection de sa sph\u00e8re priv\u00e9e ainsi qu&rsquo;\u00e0 la protection contre l&#8217;emploi abusif de ses donn\u00e9es personnelles. Nous respectons strictement ces dispositions. Les donn\u00e9es personnelles sont trait\u00e9es de mani\u00e8re strictement confidentielle et ne sont ni vendues ni transmises \u00e0 des tiers.<\/p>\n<p>En \u00e9troite collaboration avec notre fournisseur d&rsquo;h\u00e9bergement, nous nous effor\u00e7ons de prot\u00e9ger autant que possible les bases de donn\u00e9es contre les acc\u00e8s \u00e9trangers, les pertes, les abus ou les falsifications. Lors de l&rsquo;acc\u00e8s \u00e0 nos pages web, les donn\u00e9es suivantes sont enregistr\u00e9es dans des fichiers journaux : Adresse IP, date, heure, demande de navigateur et informations g\u00e9n\u00e9rales transmises sur le syst\u00e8me d&rsquo;exploitation ou le navigateur. Ces donn\u00e9es d&rsquo;utilisation constituent la base d&rsquo;\u00e9valuations statistiques anonymes, de sorte que des tendances sont identifiables, \u00e0 l&rsquo;aide desquelles nous pouvons am\u00e9liorer nos offres en cons\u00e9quence.<\/p>\n<p><strong>Qui sommes-nous ?<\/strong><\/p>\n<p><strong>\u00a0<\/strong>Ce site web et son contenu sont mis \u00e0 disposition par une personne priv\u00e9e sans int\u00e9r\u00eats commerciaux. Le responsable au sens des lois sur la protection des donn\u00e9es, en particulier du r\u00e8glement g\u00e9n\u00e9ral sur la protection des donn\u00e9es (RGPD) de l&rsquo;UE, est :<\/p>\n<p>SIDB-GICID<br \/>\nMoosweg 13<br \/>\n9240 Uzwil<br \/>\ninfo@sidb-gicid.ch<\/p>\n<p><strong>Quelles donn\u00e9es personnelles nous collectons et pourquoi nous les collectons<\/strong><\/p>\n<p>Lorsque vous acc\u00e9dez \u00e0 ce site web, des informations de nature g\u00e9n\u00e9rale sont automatiquement collect\u00e9es. Ces informations sont saisies dans le fichier journal du serveur et comprennent le type de navigateur web, le syst\u00e8me d&rsquo;exploitation utilis\u00e9, le nom de domaine de votre fournisseur de services Internet, votre adresse IP et d&rsquo;autres informations similaires.<\/p>\n<p>Ceci pour la raison suivante :<\/p>\n<p>&#8211; Assurer une connexion sans probl\u00e8me du site web.<\/p>\n<p>&#8211; Assurer une utilisation sans probl\u00e8me de notre site web<\/p>\n<p>&#8211; \u00e9valuation de la s\u00e9curit\u00e9 et de la stabilit\u00e9 du syst\u00e8me ainsi que<\/p>\n<p>&#8211; \u00e0 d&rsquo;autres fins administratives.<\/p>\n<p>Vos donn\u00e9es ne sont pas utilis\u00e9es pour tirer des conclusions sur votre personne. Les informations de ce type sont uniquement \u00e9valu\u00e9es statistiquement afin d&rsquo;optimiser notre pr\u00e9sence sur Internet et la technique qui la sous-tend.<\/p>\n<p><strong>Dur\u00e9e de stockage<\/strong><\/p>\n<p>Les donn\u00e9es sont effac\u00e9es d\u00e8s qu&rsquo;elles ne sont plus n\u00e9cessaires aux fins pour lesquelles elles ont \u00e9t\u00e9 collect\u00e9es. C&rsquo;est en principe le cas pour les donn\u00e9es qui servent \u00e0 la mise \u00e0 disposition du site web, lorsque la session respective est termin\u00e9e.<\/p>\n<p><strong>D\u00e9claration de protection des donn\u00e9es pour les commentaires<\/strong><\/p>\n<p>Lorsque les visiteurs \u00e9crivent des commentaires sur le site, nous collectons les donn\u00e9es affich\u00e9es dans le formulaire de commentaire, ainsi que l&rsquo;adresse IP du visiteur et la cha\u00eene d&rsquo;agent utilisateur (qui permet d&rsquo;identifier le navigateur), afin de faciliter la d\u00e9tection des spams.<\/p>\n<p><strong>D\u00e9claration de protection des donn\u00e9es pour l&rsquo;utilisation des formulaires de contact<\/strong><\/p>\n<p>Les donn\u00e9es ne sont utilis\u00e9es que dans le strict cadre du traitement et de la r\u00e9ponse aux demandes. En envoyant le formulaire de contact, la personne concern\u00e9e accepte le traitement. Une fois le traitement de la demande de la personne concern\u00e9e termin\u00e9, les donn\u00e9es collect\u00e9es sont effac\u00e9es, dans la mesure o\u00f9 elles ne sont pas n\u00e9cessaires pour le traitement ult\u00e9rieur de la demande ou d&rsquo;une commande qui en r\u00e9sulte.<\/p>\n<p><strong>D\u00e9claration de protection des donn\u00e9es pour l&rsquo;utilisation de biblioth\u00e8ques de scripts<\/strong><\/p>\n<p>Afin de pr\u00e9senter nos contenus de mani\u00e8re correcte et graphiquement attrayante sur tous les navigateurs, nous utilisons sur ce site web les \u00ab\u00a0Google Web Fonts\u00a0\u00bb de Google LLC (1600 Amphitheatre Parkway, Mountain View, CA 94043, USA ; ci-apr\u00e8s \u00ab\u00a0Google\u00a0\u00bb) pour la repr\u00e9sentation de polices de caract\u00e8res.<\/p>\n<p>Vous trouverez la politique de confidentialit\u00e9 de l&rsquo;exploitant de la biblioth\u00e8que Google ici : https:\/\/www.google.com\/policies\/privacy\/<\/p>\n<p><strong>D\u00e9claration de confidentialit\u00e9 pour l&rsquo;utilisation de Google Maps<\/strong><\/p>\n<p>Sur ce site web, nous utilisons l&rsquo;offre de Google Maps. Google Maps est exploit\u00e9 par Google LLC, 1600 Amphitheatre Parkway, Mountain View, CA 94043, USA (ci-apr\u00e8s \u00ab\u00a0Google\u00a0\u00bb). Cela nous permet d&rsquo;afficher des cartes interactives directement sur le site web et vous permet d&rsquo;utiliser confortablement la fonction de carte.<\/p>\n<p>Vous trouverez de plus amples informations sur le traitement des donn\u00e9es par Google dans les informations sur la protection des donn\u00e9es de Google. Vous pouvez \u00e9galement y modifier vos param\u00e8tres personnels de protection des donn\u00e9es dans le centre de protection des donn\u00e9es.<\/p>\n<p><strong>D\u00e9claration de protection des donn\u00e9es pour les vid\u00e9os YouTube int\u00e9gr\u00e9es<\/strong><\/p>\n<p>Sur certaines de nos pages web, nous int\u00e9grons des vid\u00e9os YouTube. L&rsquo;exploitant des plug-ins correspondants est YouTube, LLC, 901 Cherry Ave., San Bruno, CA 94066, USA (ci-apr\u00e8s \u00ab\u00a0YouTube\u00a0\u00bb). Lorsque vous visitez une page contenant le plug-in YouTube, une connexion est \u00e9tablie avec les serveurs de YouTube. YouTube est alors inform\u00e9 des pages que vous visitez. Si vous \u00eates connect\u00e9 \u00e0 votre compte YouTube, YouTube peut vous attribuer personnellement votre comportement de navigation. Vous pouvez \u00e9viter cela en vous d\u00e9connectant au pr\u00e9alable de votre compte YouTube.<\/p>\n<p>Lorsqu&rsquo;une vid\u00e9o YouTube est lanc\u00e9e, le fournisseur utilise des cookies qui collectent des informations sur le comportement de l&rsquo;utilisateur.<\/p>\n<p><strong>D\u00e9claration de confidentialit\u00e9 pour l&rsquo;utilisation de Google Analytics<\/strong><\/p>\n<p>Ce site web utilise Google Analytics, un service d&rsquo;analyse web de Google Inc (\u00a0\u00bb Google \u00ab\u00a0), avec l&rsquo;extension \u00ab\u00a0_anonymizeIP()\u00a0\u00bb. Les adresses IP sont trait\u00e9es sous forme abr\u00e9g\u00e9e, ce qui permet d&rsquo;exclure tout lien avec des personnes. Dans la mesure o\u00f9 les donn\u00e9es collect\u00e9es vous concernant pr\u00e9sentent un lien avec une personne, celui-ci est imm\u00e9diatement exclu et les donn\u00e9es personnelles sont ainsi imm\u00e9diatement effac\u00e9es.<\/p>\n<p>Google Analytics utilise des \u00ab\u00a0cookies\u00a0\u00bb, des fichiers texte qui sont enregistr\u00e9s sur votre ordinateur et qui permettent d&rsquo;analyser votre utilisation du site web. Les informations g\u00e9n\u00e9r\u00e9es par le cookie concernant votre utilisation de ce site web sont g\u00e9n\u00e9ralement transmises \u00e0 un serveur de Google aux \u00c9tats-Unis et y sont enregistr\u00e9es. Toutefois, en activant l&rsquo;anonymisation IP sur ce site, votre adresse IP sera pr\u00e9alablement abr\u00e9g\u00e9e par Google et ne pourra plus \u00eatre attribu\u00e9e. Ce n&rsquo;est que dans des cas exceptionnels que l&rsquo;adresse IP compl\u00e8te est transmise \u00e0 un serveur de Google aux \u00c9tats-Unis, mais elle y est alors raccourcie. Google utilisera cette information dans le but d&rsquo;\u00e9valuer votre utilisation du site, de compiler des rapports sur l&rsquo;activit\u00e9 du site \u00e0 destination de son \u00e9diteur et de r\u00e9aliser d&rsquo;autres analyses li\u00e9es \u00e0 l&rsquo;activit\u00e9 du site et \u00e0 l&rsquo;utilisation d&rsquo;Internet.<\/p>\n<p>Google est susceptible de communiquer ces donn\u00e9es \u00e0 des tiers en cas d&rsquo;obligation l\u00e9gale ou lorsque ces tiers traitent ces donn\u00e9es pour le compte de Google. L&rsquo;adresse IP transmise par votre navigateur dans le cadre de Google Analytics n&rsquo;est pas recoup\u00e9e avec d&rsquo;autres donn\u00e9es de Google. Vous pouvez emp\u00eacher l&rsquo;installation des cookies en param\u00e9trant votre navigateur en cons\u00e9quence ; nous attirons toutefois votre attention sur le fait que, dans ce cas, vous ne pourrez peut-\u00eatre pas utiliser toutes les fonctions de ce site web dans leur int\u00e9gralit\u00e9. En utilisant ce site web, vous acceptez que les donn\u00e9es collect\u00e9es \u00e0 votre sujet par Google soient trait\u00e9es de la mani\u00e8re et aux fins d\u00e9crites ci-dessus.<\/p>\n<p><strong>Quels sont vos droits sur vos donn\u00e9es ?<\/strong><\/p>\n<p>Si vous avez un compte sur ce site ou si vous avez \u00e9crit des commentaires, vous pouvez nous demander d&rsquo;exporter vos donn\u00e9es personnelles, y compris toutes les donn\u00e9es que vous nous avez fournies. En outre, vous pouvez demander la suppression de toutes les donn\u00e9es personnelles que nous d\u00e9tenons \u00e0 votre sujet. Cela ne comprend pas les donn\u00e9es que nous devons conserver en raison de n\u00e9cessit\u00e9s administratives, juridiques ou de s\u00e9curit\u00e9.<\/p>\n<p><strong>Cryptage SSL<\/strong><\/p>\n<p>Afin de prot\u00e9ger la s\u00e9curit\u00e9 de vos donn\u00e9es lors de leur transmission, nous utilisons des proc\u00e9dures de cryptage conformes \u00e0 l&rsquo;\u00e9tat actuel de la technique (par ex. SSL) via HTTPS.<\/p>\n<p><strong>Modifications<\/strong><\/p>\n<p>Nous pouvons adapter la pr\u00e9sente d\u00e9claration de protection des donn\u00e9es \u00e0 tout moment et sans pr\u00e9avis. La version actuelle publi\u00e9e sur notre site web fait foi.<\/p>\n<p>Questions au responsable de la protection des donn\u00e9es<\/p>\n<p>Si vous avez des questions concernant la protection des donn\u00e9es, veuillez nous envoyer un e-mail ou vous adresser directement \u00e0 la personne responsable de la protection des donn\u00e9es au sein de notre organisation, mentionn\u00e9e au d\u00e9but de la d\u00e9claration de protection des donn\u00e9es.<\/p>\n<\/div><\/section><\/div>\n<style type=\"text\/css\" data-created_by=\"avia_inline_auto\" id=\"style-css-av-czy2s-bea586a382751fdfd7783b7c3d925647\">\n.flex_column.av-czy2s-bea586a382751fdfd7783b7c3d925647{\nborder-radius:0px 0px 0px 0px;\npadding:0px 0px 0px 0px;\n}\n<\/style>\n<div  class='flex_column av-czy2s-bea586a382751fdfd7783b7c3d925647 av_one_full  avia-builder-el-7  el_after_av_one_full  avia-builder-el-last  first flex_column_div av-zero-column-padding  column-top-margin'     ><p>\n<style type=\"text\/css\" data-created_by=\"avia_inline_auto\" id=\"style-css-av-k90thy9w-c1b3f839de786939adfe2ccb5a1576bf\">\n#top .av-special-heading.av-k90thy9w-c1b3f839de786939adfe2ccb5a1576bf{\npadding-bottom:10px;\nfont-size:40px;\n}\nbody .av-special-heading.av-k90thy9w-c1b3f839de786939adfe2ccb5a1576bf .av-special-heading-tag .heading-char{\nfont-size:25px;\n}\n#top #wrap_all .av-special-heading.av-k90thy9w-c1b3f839de786939adfe2ccb5a1576bf .av-special-heading-tag{\nfont-size:40px;\n}\n.av-special-heading.av-k90thy9w-c1b3f839de786939adfe2ccb5a1576bf .av-subheading{\nfont-size:15px;\n}\n\n@media only screen and (min-width: 480px) and (max-width: 767px){ \n#top #wrap_all .av-special-heading.av-k90thy9w-c1b3f839de786939adfe2ccb5a1576bf .av-special-heading-tag{\nfont-size:0.8em;\n}\n}\n\n@media only screen and (max-width: 479px){ \n#top #wrap_all .av-special-heading.av-k90thy9w-c1b3f839de786939adfe2ccb5a1576bf .av-special-heading-tag{\nfont-size:0.8em;\n}\n}\n<\/style>\n<div  class='av-special-heading av-k90thy9w-c1b3f839de786939adfe2ccb5a1576bf av-special-heading-h2 blockquote modern-quote  avia-builder-el-8  el_before_av_hr  avia-builder-el-first  av-inherit-size'><h2 class='av-special-heading-tag'  itemprop=\"headline\"  >Utilisation des cookies<\/h2><div class=\"special-heading-border\"><div class=\"special-heading-inner-border\"><\/div><\/div><\/div><br \/>\n\n<style type=\"text\/css\" data-created_by=\"avia_inline_auto\" id=\"style-css-av-1s37t8-3a1efca9bb0fc8bc112154f33a5786b9\">\n#top .hr.av-1s37t8-3a1efca9bb0fc8bc112154f33a5786b9{\nmargin-top:10px;\nmargin-bottom:20px;\n}\n.hr.av-1s37t8-3a1efca9bb0fc8bc112154f33a5786b9 .hr-inner{\nwidth:50px;\nborder-color:#000000;\n}\n<\/style>\n<div  class='hr av-1s37t8-3a1efca9bb0fc8bc112154f33a5786b9 hr-custom  avia-builder-el-9  el_after_av_heading  el_before_av_textblock  hr-left hr-icon-no'><span class='hr-inner inner-border-av-border-fat'><span class=\"hr-inner-style\"><\/span><\/span><\/div><br \/>\n<section  class='av_textblock_section av-k6hfykb5-cc367eb71572c2dcbaf8905e1d34ce8f '   itemscope=\"itemscope\" itemtype=\"https:\/\/schema.org\/CreativeWork\" ><div class='avia_textblock'  itemprop=\"text\" ><p>Ce site web utilise des cookies. Les cookies sont de petits fichiers texte qui sont enregistr\u00e9s de mani\u00e8re permanente ou temporaire dans votre ordinateur lorsque vous visitez ce site web. L&rsquo;objectif des cookies est notamment d&rsquo;analyser l&rsquo;utilisation de ce site web \u00e0 des fins d&rsquo;\u00e9valuation statistique et d&rsquo;am\u00e9lioration continue. Vous pouvez \u00e0 tout moment d\u00e9sactiver tout ou partie des cookies dans les param\u00e8tres de votre navigateur. Si les cookies sont d\u00e9sactiv\u00e9s, il se peut que vous ne disposiez plus de toutes les fonctions de ce site web.<\/p>\n<\/div><\/section><\/p><\/div><\/div><\/div><\/div><!-- close content main div --><\/div><\/div><\/div><div id='after_section_2'  class='main_color av_default_container_wrap container_wrap sidebar_right'  ><div class='container av-section-cont-open' ><div class='template-page content  av-content-small alpha units'><div class='post-entry post-entry-type-page post-entry-1340'><div class='entry-content-wrapper clearfix'>\n","protected":false},"excerpt":{"rendered":"","protected":false},"author":3,"featured_media":0,"parent":0,"menu_order":0,"comment_status":"closed","ping_status":"closed","template":"","meta":{"footnotes":""},"class_list":["post-1340","page","type-page","status-publish","hentry"],"yoast_head":"<!-- This site is optimized with the Yoast SEO plugin v27.4 - https:\/\/yoast.com\/product\/yoast-seo-wordpress\/ -->\n<title>Politique de confidentialit\u00e9 | SIDB GICID<\/title>\n<meta name=\"robots\" content=\"index, follow, max-snippet:-1, max-image-preview:large, max-video-preview:-1\" \/>\n<link rel=\"canonical\" href=\"https:\/\/sidb-gicid.ch\/fr\/declaration-de-protection-des-donnees\/\" \/>\n<meta property=\"og:locale\" content=\"fr_FR\" \/>\n<meta property=\"og:type\" content=\"article\" \/>\n<meta property=\"og:title\" content=\"Politique de confidentialit\u00e9 | SIDB GICID\" \/>\n<meta property=\"og:url\" content=\"https:\/\/sidb-gicid.ch\/fr\/declaration-de-protection-des-donnees\/\" \/>\n<meta property=\"og:site_name\" content=\"SIDB GICID\" \/>\n<meta property=\"article:modified_time\" content=\"2023-07-18T10:31:52+00:00\" \/>\n<meta name=\"twitter:card\" content=\"summary_large_image\" \/>\n<meta name=\"twitter:label1\" content=\"Dur\u00e9e de lecture estim\u00e9e\" \/>\n\t<meta name=\"twitter:data1\" content=\"10 minutes\" \/>\n<script type=\"application\/ld+json\" class=\"yoast-schema-graph\">{\"@context\":\"https:\\\/\\\/schema.org\",\"@graph\":[{\"@type\":\"WebPage\",\"@id\":\"https:\\\/\\\/sidb-gicid.ch\\\/fr\\\/declaration-de-protection-des-donnees\\\/\",\"url\":\"https:\\\/\\\/sidb-gicid.ch\\\/fr\\\/declaration-de-protection-des-donnees\\\/\",\"name\":\"Politique de confidentialit\u00e9 | SIDB GICID\",\"isPartOf\":{\"@id\":\"https:\\\/\\\/sidb-gicid.ch\\\/fr\\\/#website\"},\"datePublished\":\"2020-04-15T10:53:46+00:00\",\"dateModified\":\"2023-07-18T10:31:52+00:00\",\"breadcrumb\":{\"@id\":\"https:\\\/\\\/sidb-gicid.ch\\\/fr\\\/declaration-de-protection-des-donnees\\\/#breadcrumb\"},\"inLanguage\":\"fr-FR\",\"potentialAction\":[{\"@type\":\"ReadAction\",\"target\":[\"https:\\\/\\\/sidb-gicid.ch\\\/fr\\\/declaration-de-protection-des-donnees\\\/\"]}]},{\"@type\":\"BreadcrumbList\",\"@id\":\"https:\\\/\\\/sidb-gicid.ch\\\/fr\\\/declaration-de-protection-des-donnees\\\/#breadcrumb\",\"itemListElement\":[{\"@type\":\"ListItem\",\"position\":1,\"name\":\"Home\",\"item\":\"https:\\\/\\\/sidb-gicid.ch\\\/fr\\\/home\\\/\"},{\"@type\":\"ListItem\",\"position\":2,\"name\":\"Politique de confidentialit\u00e9\"}]},{\"@type\":\"WebSite\",\"@id\":\"https:\\\/\\\/sidb-gicid.ch\\\/fr\\\/#website\",\"url\":\"https:\\\/\\\/sidb-gicid.ch\\\/fr\\\/\",\"name\":\"SIDB GICID\",\"description\":\"\",\"potentialAction\":[{\"@type\":\"SearchAction\",\"target\":{\"@type\":\"EntryPoint\",\"urlTemplate\":\"https:\\\/\\\/sidb-gicid.ch\\\/fr\\\/?s={search_term_string}\"},\"query-input\":{\"@type\":\"PropertyValueSpecification\",\"valueRequired\":true,\"valueName\":\"search_term_string\"}}],\"inLanguage\":\"fr-FR\"}]}<\/script>\n<!-- \/ Yoast SEO plugin. -->","yoast_head_json":{"title":"Politique de confidentialit\u00e9 | SIDB GICID","robots":{"index":"index","follow":"follow","max-snippet":"max-snippet:-1","max-image-preview":"max-image-preview:large","max-video-preview":"max-video-preview:-1"},"canonical":"https:\/\/sidb-gicid.ch\/fr\/declaration-de-protection-des-donnees\/","og_locale":"fr_FR","og_type":"article","og_title":"Politique de confidentialit\u00e9 | SIDB GICID","og_url":"https:\/\/sidb-gicid.ch\/fr\/declaration-de-protection-des-donnees\/","og_site_name":"SIDB GICID","article_modified_time":"2023-07-18T10:31:52+00:00","twitter_card":"summary_large_image","twitter_misc":{"Dur\u00e9e de lecture estim\u00e9e":"10 minutes"},"schema":{"@context":"https:\/\/schema.org","@graph":[{"@type":"WebPage","@id":"https:\/\/sidb-gicid.ch\/fr\/declaration-de-protection-des-donnees\/","url":"https:\/\/sidb-gicid.ch\/fr\/declaration-de-protection-des-donnees\/","name":"Politique de confidentialit\u00e9 | SIDB GICID","isPartOf":{"@id":"https:\/\/sidb-gicid.ch\/fr\/#website"},"datePublished":"2020-04-15T10:53:46+00:00","dateModified":"2023-07-18T10:31:52+00:00","breadcrumb":{"@id":"https:\/\/sidb-gicid.ch\/fr\/declaration-de-protection-des-donnees\/#breadcrumb"},"inLanguage":"fr-FR","potentialAction":[{"@type":"ReadAction","target":["https:\/\/sidb-gicid.ch\/fr\/declaration-de-protection-des-donnees\/"]}]},{"@type":"BreadcrumbList","@id":"https:\/\/sidb-gicid.ch\/fr\/declaration-de-protection-des-donnees\/#breadcrumb","itemListElement":[{"@type":"ListItem","position":1,"name":"Home","item":"https:\/\/sidb-gicid.ch\/fr\/home\/"},{"@type":"ListItem","position":2,"name":"Politique de confidentialit\u00e9"}]},{"@type":"WebSite","@id":"https:\/\/sidb-gicid.ch\/fr\/#website","url":"https:\/\/sidb-gicid.ch\/fr\/","name":"SIDB GICID","description":"","potentialAction":[{"@type":"SearchAction","target":{"@type":"EntryPoint","urlTemplate":"https:\/\/sidb-gicid.ch\/fr\/?s={search_term_string}"},"query-input":{"@type":"PropertyValueSpecification","valueRequired":true,"valueName":"search_term_string"}}],"inLanguage":"fr-FR"}]}},"_links":{"self":[{"href":"https:\/\/sidb-gicid.ch\/fr\/wp-json\/wp\/v2\/pages\/1340","targetHints":{"allow":["GET"]}}],"collection":[{"href":"https:\/\/sidb-gicid.ch\/fr\/wp-json\/wp\/v2\/pages"}],"about":[{"href":"https:\/\/sidb-gicid.ch\/fr\/wp-json\/wp\/v2\/types\/page"}],"author":[{"embeddable":true,"href":"https:\/\/sidb-gicid.ch\/fr\/wp-json\/wp\/v2\/users\/3"}],"replies":[{"embeddable":true,"href":"https:\/\/sidb-gicid.ch\/fr\/wp-json\/wp\/v2\/comments?post=1340"}],"version-history":[{"count":5,"href":"https:\/\/sidb-gicid.ch\/fr\/wp-json\/wp\/v2\/pages\/1340\/revisions"}],"predecessor-version":[{"id":5404,"href":"https:\/\/sidb-gicid.ch\/fr\/wp-json\/wp\/v2\/pages\/1340\/revisions\/5404"}],"wp:attachment":[{"href":"https:\/\/sidb-gicid.ch\/fr\/wp-json\/wp\/v2\/media?parent=1340"}],"curies":[{"name":"wp","href":"https:\/\/api.w.org\/{rel}","templated":true}]}}