{"id":1476,"date":"2020-04-16T06:33:43","date_gmt":"2020-04-16T04:33:43","guid":{"rendered":"https:\/\/sidb-gicid.ch\/informativa-sulla-privacy\/"},"modified":"2023-07-18T12:26:53","modified_gmt":"2023-07-18T10:26:53","slug":"informativa-sulla-privacy","status":"publish","type":"page","link":"https:\/\/sidb-gicid.ch\/it\/informativa-sulla-privacy\/","title":{"rendered":"Informativa sulla privacy"},"content":{"rendered":"\n<style type=\"text\/css\" data-created_by=\"avia_inline_auto\" id=\"style-css-av-4qtmz0-5f793e787aafbd1c6ea6aba7b68eb098\">\n.avia-section.av-4qtmz0-5f793e787aafbd1c6ea6aba7b68eb098 .av-parallax .av-parallax-inner{\nbackground-repeat:no-repeat;\nbackground-image:url(https:\/\/sidb-gicid.ch\/wp-content\/uploads\/2020\/02\/Diabete-12-1.jpg);\nbackground-position:50% 50%;\nbackground-attachment:scroll;\n}\n.avia-section.av-4qtmz0-5f793e787aafbd1c6ea6aba7b68eb098 .av-section-color-overlay{\nopacity:0.3;\nbackground-color:#000000;\n}\n<\/style>\n<div id='av_section_1'  class='avia-section av-4qtmz0-5f793e787aafbd1c6ea6aba7b68eb098 main_color avia-section-large avia-no-border-styling  avia-builder-el-0  el_before_av_section  avia-builder-el-first  avia-full-stretch av-parallax-section avia-bg-style-parallax av-section-color-overlay-active av-minimum-height av-minimum-height-25 av-height-25  container_wrap sidebar_right'  data-section-bg-repeat='stretch' data-av_minimum_height_pc='25' data-av_min_height_opt='25'><div class='av-parallax' data-avia-parallax-ratio='0.3' ><div class='av-parallax-inner main_color avia-full-stretch'><\/div><\/div><div class=\"av-section-color-overlay-wrap\"><div class=\"av-section-color-overlay\"><\/div><div class='container av-section-cont-open' ><main  role=\"main\" itemprop=\"mainContentOfPage\"  class='template-page content  av-content-small alpha units'><div class='post-entry post-entry-type-page post-entry-1476'><div class='entry-content-wrapper clearfix'>\n\n<style type=\"text\/css\" data-created_by=\"avia_inline_auto\" id=\"style-css-av-fmpcc-cf8f76722b0dfa8e4f49063019c78125\">\n#top .flex_column.av-fmpcc-cf8f76722b0dfa8e4f49063019c78125{\nmargin-top:20px;\n}\n.flex_column.av-fmpcc-cf8f76722b0dfa8e4f49063019c78125{\nborder-radius:0px 0px 0px 0px;\npadding:0px 0px 0px 0px;\n}\n.responsive #top #wrap_all .flex_column.av-fmpcc-cf8f76722b0dfa8e4f49063019c78125{\nmargin-top:20px;\n}\n<\/style>\n<div  class='flex_column av-fmpcc-cf8f76722b0dfa8e4f49063019c78125 av_one_full  avia-builder-el-1  avia-builder-el-no-sibling  first flex_column_div av-animated-generic top-to-bottom av-zero-column-padding  '     ><p>\n<style type=\"text\/css\" data-created_by=\"avia_inline_auto\" id=\"style-css-av-11dkq-bb709566821a52991fe1f78feeeb7555\">\n#top .av-special-heading.av-11dkq-bb709566821a52991fe1f78feeeb7555{\npadding-bottom:10px;\ncolor:#ffffff;\nfont-size:40px;\n}\nbody .av-special-heading.av-11dkq-bb709566821a52991fe1f78feeeb7555 .av-special-heading-tag .heading-char{\nfont-size:25px;\n}\n#top #wrap_all .av-special-heading.av-11dkq-bb709566821a52991fe1f78feeeb7555 .av-special-heading-tag{\nfont-size:40px;\n}\n.av-special-heading.av-11dkq-bb709566821a52991fe1f78feeeb7555 .special-heading-inner-border{\nborder-color:#ffffff;\n}\n.av-special-heading.av-11dkq-bb709566821a52991fe1f78feeeb7555 .av-subheading{\nfont-size:15px;\n}\n\n@media only screen and (min-width: 480px) and (max-width: 767px){ \n#top #wrap_all .av-special-heading.av-11dkq-bb709566821a52991fe1f78feeeb7555 .av-special-heading-tag{\nfont-size:0.8em;\n}\n}\n\n@media only screen and (max-width: 479px){ \n#top #wrap_all .av-special-heading.av-11dkq-bb709566821a52991fe1f78feeeb7555 .av-special-heading-tag{\nfont-size:0.8em;\n}\n}\n<\/style>\n<div  class='av-special-heading av-11dkq-bb709566821a52991fe1f78feeeb7555 av-special-heading-h1 custom-color-heading blockquote modern-quote modern-centered  avia-builder-el-2  el_before_av_hr  avia-builder-el-first  av-inherit-size'><h1 class='av-special-heading-tag'  itemprop=\"headline\"  ><strong style=\"color: #fff;\">Informativa sulla privacy<\/strong><\/h1><div class=\"special-heading-border\"><div class=\"special-heading-inner-border\"><\/div><\/div><\/div><br \/>\n\n<style type=\"text\/css\" data-created_by=\"avia_inline_auto\" id=\"style-css-av-40kakc-f1e584eb5e7a2bac10dae19be67437e3\">\n#top .hr.av-40kakc-f1e584eb5e7a2bac10dae19be67437e3{\nmargin-top:10px;\nmargin-bottom:20px;\n}\n.hr.av-40kakc-f1e584eb5e7a2bac10dae19be67437e3 .hr-inner{\nwidth:50px;\nborder-color:#ffffff;\n}\n<\/style>\n<div  class='hr av-40kakc-f1e584eb5e7a2bac10dae19be67437e3 hr-custom  avia-builder-el-3  el_after_av_heading  avia-builder-el-last  hr-center hr-icon-no'><span class='hr-inner inner-border-av-border-fat'><span class=\"hr-inner-style\"><\/span><\/span><\/div><\/p><\/div>\n\n<\/div><\/div><\/main><!-- close content main element --><\/div><\/div><\/div>\n<style type=\"text\/css\" data-created_by=\"avia_inline_auto\" id=\"style-css-av-k6heta90-a339e539be42a6c2e3b491b89c651462\">\n.avia-section.av-k6heta90-a339e539be42a6c2e3b491b89c651462 .av-section-color-overlay{\nopacity:0.7;\nbackground-color:#ffffff;\n}\n<\/style>\n<div id='av_section_2'  class='avia-section av-k6heta90-a339e539be42a6c2e3b491b89c651462 main_color avia-section-large avia-no-border-styling  avia-builder-el-4  el_after_av_section  avia-builder-el-last  avia-bg-style-parallax av-section-color-overlay-active container_wrap sidebar_right'  ><div class=\"av-section-color-overlay-wrap\"><div class=\"av-section-color-overlay\"><\/div><div class='container av-section-cont-open' ><div class='template-page content  av-content-small alpha units'><div class='post-entry post-entry-type-page post-entry-1476'><div class='entry-content-wrapper clearfix'>\n\n<style type=\"text\/css\" data-created_by=\"avia_inline_auto\" id=\"style-css-av-czy2s-a4fad7b05052d9c975bb9d3d85004a66\">\n.flex_column.av-czy2s-a4fad7b05052d9c975bb9d3d85004a66{\nborder-radius:0px 0px 0px 0px;\npadding:0px 0px 0px 0px;\n}\n<\/style>\n<div  class='flex_column av-czy2s-a4fad7b05052d9c975bb9d3d85004a66 av_one_full  avia-builder-el-5  el_before_av_one_full  avia-builder-el-first  first flex_column_div av-animated-generic left-to-right av-zero-column-padding  '     ><section  class='av_textblock_section av-k6hfykb5-cc367eb71572c2dcbaf8905e1d34ce8f '   itemscope=\"itemscope\" itemtype=\"https:\/\/schema.org\/CreativeWork\" ><div class='avia_textblock'  itemprop=\"text\" ><p>In base all&#8217;articolo 13 della Costituzione federale svizzera e alle disposizioni sulla protezione dei dati della Confederazione svizzera (Legge sulla protezione dei dati, LPD), ogni persona ha il diritto di tutelare la propria privacy e di essere protetta dall&#8217;uso improprio dei propri dati personali. Noi ci atteniamo rigorosamente a queste disposizioni. I dati personali sono trattati in modo strettamente confidenziale e non vengono venduti o ceduti a terzi.<\/p>\n<p>In stretta collaborazione con il nostro provider di hosting, ci impegniamo a proteggere al meglio i database da accessi non autorizzati, perdita, uso improprio o falsificazione. Quando si accede al nostro sito web, i seguenti dati vengono memorizzati nei file di log: Indirizzo IP, data, ora, richiesta del browser e informazioni generali sul sistema operativo o sul browser. Questi dati di utilizzo costituiscono la base per valutazioni statistiche e anonime, in modo da poter identificare le tendenze, che possiamo utilizzare per migliorare le nostre offerte di conseguenza.<\/p>\n<p><strong>Chi siamo?<\/strong><\/p>\n<p>Questo sito web e i suoi contenuti sono forniti da un soggetto privato senza interessi commerciali. L&#8217;ente responsabile in termini di leggi sulla protezione dei dati, in particolare del Regolamento generale sulla protezione dei dati dell&#8217;UE (DSGVO), \u00e8:<\/p>\n<p>SIDB-GICID<br \/>\nMoosweg 13<br \/>\n9240 Uzwil<\/p>\n<p>info@sidb-gicid.ch<\/p>\n<p><strong>Quali dati personali raccogliamo e perch\u00e9 li raccogliamo<\/strong><\/p>\n<p>Quando si accede a questo sito web, vengono raccolte automaticamente informazioni di carattere generale. Queste informazioni vengono raccolte nel file di log del server e comprendono il tipo di browser web, il sistema operativo utilizzato, il nome del dominio del vostro provider di servizi Internet, il vostro indirizzo IP e simili.<\/p>\n<p>Ci\u00f2 avviene per il seguente motivo:<br \/>\n&#8211; Per garantire che la connessione al sito web sia stabilita senza problemi.<br \/>\n&#8211; Per garantire un utilizzo fluido del nostro sito web. &#8211; per valutare la sicurezza e la stabilit\u00e0 del sistema<br \/>\n&#8211; e per altri scopi amministrativi<\/p>\n<p>I vostri dati non saranno utilizzati per trarre conclusioni sulla vostra persona. Le informazioni di questo tipo vengono valutate solo statisticamente per ottimizzare il nostro sito web e la tecnologia che lo supporta.<\/p>\n<p><strong>Periodo di conservazione<\/strong><\/p>\n<p>I dati vengono cancellati non appena non sono pi\u00f9 necessari per lo scopo per cui sono stati raccolti. Per i dati utilizzati per la fornitura del sito web, ci\u00f2 avviene generalmente al termine della relativa sessione.<\/p>\n<p><strong>Informativa sulla privacy per i commenti<\/strong><\/p>\n<p>Quando i visitatori pubblicano commenti sul sito web, raccogliamo i dati visualizzati nel modulo di commento, nonch\u00e9 l&#8217;indirizzo IP del visitatore e la stringa dell&#8217;agente utente (che identifica il browser) per aiutare a rilevare lo spam.<\/p>\n<p><strong>Informativa sulla privacy per l&#8217;utilizzo dei moduli di contatto<\/strong><\/p>\n<p>I dati vengono utilizzati esclusivamente per elaborare e rispondere alle richieste di informazioni. Inviando il modulo di contatto, l&#8217;interessato acconsente al trattamento. Una volta conclusa l&#8217;elaborazione della richiesta dell&#8217;interessato, i dati raccolti saranno cancellati nella misura in cui non sono necessari per l&#8217;ulteriore elaborazione della richiesta o di un ordine da essa derivante.<\/p>\n<p><strong>Informativa sulla privacy per l&#8217;utilizzo delle librerie di script<\/strong><\/p>\n<p>Per visualizzare i nostri contenuti in modo corretto e graficamente accattivante su tutti i browser, su questo sito web utilizziamo &#8220;Google Web Fonts&#8221; di Google LLC (1600 Amphitheatre Parkway, Mountain View, CA 94043, USA; di seguito &#8220;Google&#8221;) per la visualizzazione dei caratteri.<\/p>\n<p>L&#8217;informativa sulla privacy del gestore della libreria Google pu\u00f2 essere consultata qui: https:\/\/www.google.com\/policies\/privacy\/<\/p>\n<p><strong>Informativa sulla privacy per l&#8217;utilizzo di Google Maps<\/strong><\/p>\n<p>Su questo sito web utilizziamo i servizi di Google Maps. Google Maps \u00e8 gestito da Google LLC, 1600 Amphitheatre Parkway, Mountain View, CA 94043, USA (di seguito &#8220;Google&#8221;). Questo ci consente di visualizzare mappe interattive direttamente sul sito web e di utilizzare comodamente la funzione mappe.<\/p>\n<p>Ulteriori informazioni sull&#8217;elaborazione dei dati da parte di Google sono disponibili nelle informazioni sulla protezione dei dati di Google. \u00c8 inoltre possibile modificare le impostazioni di protezione dei dati personali nel centro di protezione dei dati.<\/p>\n<p><strong>Informativa sulla privacy per i video YouTube incorporarti<\/strong><\/p>\n<p>Quando si avvia un video di YouTube, il provider utilizza dei cookie che raccolgono informazioni sul comportamento degli utenti.<\/p>\n<p><strong>Informativa sulla privacy per l&#8217;utilizzo di Google Analytics<\/strong><\/p>\n<p>Questo sito web utilizza Google Analytics, un servizio di analisi web di Google Inc (&#8220;Google&#8221;), con l&#8217;estensione &#8220;_anonymizeIP()&#8221;. Gli indirizzi IP sono abbreviati e non possono quindi essere ricondotti a una persona specifica. Se i dati raccolti su di voi sono identificabili personalmente, ci\u00f2 \u00e8 immediatamente escluso e i dati personali vengono immediatamente cancellati.<\/p>\n<p>Google Analytics utilizza i &#8220;cookie&#8221;, file di testo che vengono depositati sul vostro computer per consentire al sito web di analizzare come gli utenti utilizzano il sito. Le informazioni generate dal cookie sull&#8217;utilizzo di questo sito web da parte dell&#8217;utente sono solitamente trasmesse a un server di Google negli Stati Uniti e l\u00ec memorizzate. Tuttavia, attivando l&#8217;anonimizzazione dell&#8217;IP su questo sito web, il vostro indirizzo IP \u00e8 abbreviato da Google e non \u00e8 pi\u00f9 assegnabile. Solo in casi eccezionali l&#8217;indirizzo IP completo \u00e8 trasmesso a un server di Google negli USA e l\u00ec abbreviato. Google utilizzer\u00e0 queste informazioni per valutare l&#8217;utilizzo del sito web da parte dell&#8217;utente, per redigere rapporti sulle attivit\u00e0 del sito web per gli operatori del sito e per fornire altri servizi relativi alle attivit\u00e0 del sito web e all&#8217;utilizzo di Internet. Google pu\u00f2 anche trasferire queste informazioni a terzi, se ci\u00f2 \u00e8 richiesto dalla legge o se tali terzi elaborano le informazioni per conto di Google. L&#8217;indirizzo IP trasmesso dal vostro browser nell&#8217;ambito di Google Analytics non sar\u00e0 unito ad altri dati di Google. Potete rifiutarvi di usare i cookie selezionando l&#8217;impostazione appropriata sul vostro browser, ma tenete presente che in tal caso potreste non essere in grado di utilizzare tutte le funzionalit\u00e0 di questo sito web. Utilizzando il presente sito web, l&#8217;utente acconsente al trattamento dei propri dati da parte di Google per le modalit\u00e0 e i fini sopraindicati.<\/p>\n<p><strong>Quali diritti avete sui vostri dati<\/strong><\/p>\n<p>Se avete un account su questo sito web o avete pubblicato dei commenti, potete richiedere l&#8217;esportazione dei vostri dati personali, compresi quelli che ci avete fornito. Inoltre, potete richiedere la cancellazione di qualsiasi dato personale in nostro possesso. Ci\u00f2 non include i dati che siamo tenuti a conservare per esigenze amministrative, legali o di sicurezza. Crittografia SSL<\/p>\n<p>Per proteggere la sicurezza dei vostri dati durante la trasmissione, utilizziamo procedure di crittografia all&#8217;avanguardia (ad es. SSL) tramite HTTPS.<\/p>\n<p><strong>Modifiche<\/strong><\/p>\n<p>Possiamo modificare la presente informativa sulla privacy in qualsiasi momento e senza preavviso. Si applica la versione attuale pubblicata sul nostro sito web.<\/p>\n<p><strong>Domande al responsabile della protezione dei dati<\/strong><\/p>\n<p>In caso di domande sulla protezione dei dati, si prega di scriverci via e-mail o di contattare direttamente la persona della nostra organizzazione responsabile della protezione dei dati indicata all&#8217;inizio della presente dichiarazione sulla protezione dei dati.<\/p>\n<\/div><\/section><\/div>\n<style type=\"text\/css\" data-created_by=\"avia_inline_auto\" id=\"style-css-av-czy2s-bea586a382751fdfd7783b7c3d925647\">\n.flex_column.av-czy2s-bea586a382751fdfd7783b7c3d925647{\nborder-radius:0px 0px 0px 0px;\npadding:0px 0px 0px 0px;\n}\n<\/style>\n<div  class='flex_column av-czy2s-bea586a382751fdfd7783b7c3d925647 av_one_full  avia-builder-el-7  el_after_av_one_full  avia-builder-el-last  first flex_column_div av-zero-column-padding  column-top-margin'     ><p>\n<style type=\"text\/css\" data-created_by=\"avia_inline_auto\" id=\"style-css-av-k90thy9w-eb9c6a3915301b103915f25cbc80865f\">\n#top .av-special-heading.av-k90thy9w-eb9c6a3915301b103915f25cbc80865f{\npadding-bottom:10px;\nfont-size:40px;\n}\nbody .av-special-heading.av-k90thy9w-eb9c6a3915301b103915f25cbc80865f .av-special-heading-tag .heading-char{\nfont-size:25px;\n}\n#top #wrap_all .av-special-heading.av-k90thy9w-eb9c6a3915301b103915f25cbc80865f .av-special-heading-tag{\nfont-size:40px;\n}\n.av-special-heading.av-k90thy9w-eb9c6a3915301b103915f25cbc80865f .av-subheading{\nfont-size:15px;\n}\n\n@media only screen and (min-width: 480px) and (max-width: 767px){ \n#top #wrap_all .av-special-heading.av-k90thy9w-eb9c6a3915301b103915f25cbc80865f .av-special-heading-tag{\nfont-size:0.8em;\n}\n}\n\n@media only screen and (max-width: 479px){ \n#top #wrap_all .av-special-heading.av-k90thy9w-eb9c6a3915301b103915f25cbc80865f .av-special-heading-tag{\nfont-size:0.8em;\n}\n}\n<\/style>\n<div  class='av-special-heading av-k90thy9w-eb9c6a3915301b103915f25cbc80865f av-special-heading-h2 blockquote modern-quote  avia-builder-el-8  el_before_av_hr  avia-builder-el-first  av-inherit-size'><h2 class='av-special-heading-tag'  itemprop=\"headline\"  >Utilizzo dei cookie<\/h2><div class=\"special-heading-border\"><div class=\"special-heading-inner-border\"><\/div><\/div><\/div><br \/>\n\n<style type=\"text\/css\" data-created_by=\"avia_inline_auto\" id=\"style-css-av-1s37t8-3a1efca9bb0fc8bc112154f33a5786b9\">\n#top .hr.av-1s37t8-3a1efca9bb0fc8bc112154f33a5786b9{\nmargin-top:10px;\nmargin-bottom:20px;\n}\n.hr.av-1s37t8-3a1efca9bb0fc8bc112154f33a5786b9 .hr-inner{\nwidth:50px;\nborder-color:#000000;\n}\n<\/style>\n<div  class='hr av-1s37t8-3a1efca9bb0fc8bc112154f33a5786b9 hr-custom  avia-builder-el-9  el_after_av_heading  el_before_av_textblock  hr-left hr-icon-no'><span class='hr-inner inner-border-av-border-fat'><span class=\"hr-inner-style\"><\/span><\/span><\/div><br \/>\n<section  class='av_textblock_section av-k6hfykb5-cc367eb71572c2dcbaf8905e1d34ce8f '   itemscope=\"itemscope\" itemtype=\"https:\/\/schema.org\/CreativeWork\" ><div class='avia_textblock'  itemprop=\"text\" ><p>Questo sito web utilizza i cookie. I cookie sono piccoli file di testo che vengono memorizzati in modo permanente o temporaneo nel vostro computer quando visitate questo sito web. Lo scopo dei cookie \u00e8 in particolare quello di analizzare l&#8217;utilizzo di questo sito web per una valutazione statistica e per un continuo miglioramento. Potete disattivare i cookie in tutto o in parte in qualsiasi momento nelle impostazioni del vostro browser. Se disattivate i cookie, potreste non essere pi\u00f9 in grado di utilizzare tutte le funzioni di questo sito web.<\/p>\n<\/div><\/section><\/p><\/div><\/div><\/div><\/div><!-- close content main div --><\/div><\/div><\/div><div id='after_section_2'  class='main_color av_default_container_wrap container_wrap sidebar_right'  ><div class='container av-section-cont-open' ><div class='template-page content  av-content-small alpha units'><div class='post-entry post-entry-type-page post-entry-1476'><div class='entry-content-wrapper clearfix'>\n","protected":false},"excerpt":{"rendered":"","protected":false},"author":3,"featured_media":0,"parent":0,"menu_order":0,"comment_status":"closed","ping_status":"closed","template":"","meta":{"footnotes":""},"class_list":["post-1476","page","type-page","status-publish","hentry"],"yoast_head":"<!-- This site is optimized with the Yoast SEO plugin v27.4 - https:\/\/yoast.com\/product\/yoast-seo-wordpress\/ -->\n<title>Informativa sulla privacy | SIDB GICID<\/title>\n<meta name=\"robots\" content=\"index, follow, max-snippet:-1, max-image-preview:large, max-video-preview:-1\" \/>\n<link rel=\"canonical\" href=\"https:\/\/sidb-gicid.ch\/it\/informativa-sulla-privacy\/\" \/>\n<meta property=\"og:locale\" content=\"it_IT\" \/>\n<meta property=\"og:type\" content=\"article\" \/>\n<meta property=\"og:title\" content=\"Informativa sulla privacy | SIDB GICID\" \/>\n<meta property=\"og:url\" content=\"https:\/\/sidb-gicid.ch\/it\/informativa-sulla-privacy\/\" \/>\n<meta property=\"og:site_name\" content=\"SIDB GICID\" \/>\n<meta property=\"article:modified_time\" content=\"2023-07-18T10:26:53+00:00\" \/>\n<meta name=\"twitter:card\" content=\"summary_large_image\" \/>\n<meta name=\"twitter:label1\" content=\"Tempo di lettura stimato\" \/>\n\t<meta name=\"twitter:data1\" content=\"9 minuti\" \/>\n<script type=\"application\/ld+json\" class=\"yoast-schema-graph\">{\"@context\":\"https:\\\/\\\/schema.org\",\"@graph\":[{\"@type\":\"WebPage\",\"@id\":\"https:\\\/\\\/sidb-gicid.ch\\\/it\\\/informativa-sulla-privacy\\\/\",\"url\":\"https:\\\/\\\/sidb-gicid.ch\\\/it\\\/informativa-sulla-privacy\\\/\",\"name\":\"Informativa sulla privacy | SIDB GICID\",\"isPartOf\":{\"@id\":\"https:\\\/\\\/sidb-gicid.ch\\\/it\\\/#website\"},\"datePublished\":\"2020-04-16T04:33:43+00:00\",\"dateModified\":\"2023-07-18T10:26:53+00:00\",\"breadcrumb\":{\"@id\":\"https:\\\/\\\/sidb-gicid.ch\\\/it\\\/informativa-sulla-privacy\\\/#breadcrumb\"},\"inLanguage\":\"it-IT\",\"potentialAction\":[{\"@type\":\"ReadAction\",\"target\":[\"https:\\\/\\\/sidb-gicid.ch\\\/it\\\/informativa-sulla-privacy\\\/\"]}]},{\"@type\":\"BreadcrumbList\",\"@id\":\"https:\\\/\\\/sidb-gicid.ch\\\/it\\\/informativa-sulla-privacy\\\/#breadcrumb\",\"itemListElement\":[{\"@type\":\"ListItem\",\"position\":1,\"name\":\"Home\",\"item\":\"https:\\\/\\\/sidb-gicid.ch\\\/it\\\/home\\\/\"},{\"@type\":\"ListItem\",\"position\":2,\"name\":\"Informativa sulla privacy\"}]},{\"@type\":\"WebSite\",\"@id\":\"https:\\\/\\\/sidb-gicid.ch\\\/it\\\/#website\",\"url\":\"https:\\\/\\\/sidb-gicid.ch\\\/it\\\/\",\"name\":\"SIDB GICID\",\"description\":\"\",\"potentialAction\":[{\"@type\":\"SearchAction\",\"target\":{\"@type\":\"EntryPoint\",\"urlTemplate\":\"https:\\\/\\\/sidb-gicid.ch\\\/it\\\/?s={search_term_string}\"},\"query-input\":{\"@type\":\"PropertyValueSpecification\",\"valueRequired\":true,\"valueName\":\"search_term_string\"}}],\"inLanguage\":\"it-IT\"}]}<\/script>\n<!-- \/ Yoast SEO plugin. -->","yoast_head_json":{"title":"Informativa sulla privacy | SIDB GICID","robots":{"index":"index","follow":"follow","max-snippet":"max-snippet:-1","max-image-preview":"max-image-preview:large","max-video-preview":"max-video-preview:-1"},"canonical":"https:\/\/sidb-gicid.ch\/it\/informativa-sulla-privacy\/","og_locale":"it_IT","og_type":"article","og_title":"Informativa sulla privacy | SIDB GICID","og_url":"https:\/\/sidb-gicid.ch\/it\/informativa-sulla-privacy\/","og_site_name":"SIDB GICID","article_modified_time":"2023-07-18T10:26:53+00:00","twitter_card":"summary_large_image","twitter_misc":{"Tempo di lettura stimato":"9 minuti"},"schema":{"@context":"https:\/\/schema.org","@graph":[{"@type":"WebPage","@id":"https:\/\/sidb-gicid.ch\/it\/informativa-sulla-privacy\/","url":"https:\/\/sidb-gicid.ch\/it\/informativa-sulla-privacy\/","name":"Informativa sulla privacy | SIDB GICID","isPartOf":{"@id":"https:\/\/sidb-gicid.ch\/it\/#website"},"datePublished":"2020-04-16T04:33:43+00:00","dateModified":"2023-07-18T10:26:53+00:00","breadcrumb":{"@id":"https:\/\/sidb-gicid.ch\/it\/informativa-sulla-privacy\/#breadcrumb"},"inLanguage":"it-IT","potentialAction":[{"@type":"ReadAction","target":["https:\/\/sidb-gicid.ch\/it\/informativa-sulla-privacy\/"]}]},{"@type":"BreadcrumbList","@id":"https:\/\/sidb-gicid.ch\/it\/informativa-sulla-privacy\/#breadcrumb","itemListElement":[{"@type":"ListItem","position":1,"name":"Home","item":"https:\/\/sidb-gicid.ch\/it\/home\/"},{"@type":"ListItem","position":2,"name":"Informativa sulla privacy"}]},{"@type":"WebSite","@id":"https:\/\/sidb-gicid.ch\/it\/#website","url":"https:\/\/sidb-gicid.ch\/it\/","name":"SIDB GICID","description":"","potentialAction":[{"@type":"SearchAction","target":{"@type":"EntryPoint","urlTemplate":"https:\/\/sidb-gicid.ch\/it\/?s={search_term_string}"},"query-input":{"@type":"PropertyValueSpecification","valueRequired":true,"valueName":"search_term_string"}}],"inLanguage":"it-IT"}]}},"_links":{"self":[{"href":"https:\/\/sidb-gicid.ch\/it\/wp-json\/wp\/v2\/pages\/1476","targetHints":{"allow":["GET"]}}],"collection":[{"href":"https:\/\/sidb-gicid.ch\/it\/wp-json\/wp\/v2\/pages"}],"about":[{"href":"https:\/\/sidb-gicid.ch\/it\/wp-json\/wp\/v2\/types\/page"}],"author":[{"embeddable":true,"href":"https:\/\/sidb-gicid.ch\/it\/wp-json\/wp\/v2\/users\/3"}],"replies":[{"embeddable":true,"href":"https:\/\/sidb-gicid.ch\/it\/wp-json\/wp\/v2\/comments?post=1476"}],"version-history":[{"count":5,"href":"https:\/\/sidb-gicid.ch\/it\/wp-json\/wp\/v2\/pages\/1476\/revisions"}],"predecessor-version":[{"id":5403,"href":"https:\/\/sidb-gicid.ch\/it\/wp-json\/wp\/v2\/pages\/1476\/revisions\/5403"}],"wp:attachment":[{"href":"https:\/\/sidb-gicid.ch\/it\/wp-json\/wp\/v2\/media?parent=1476"}],"curies":[{"name":"wp","href":"https:\/\/api.w.org\/{rel}","templated":true}]}}